{"id":41,"date":"2024-11-01T01:48:26","date_gmt":"2024-11-01T04:48:26","guid":{"rendered":"https:\/\/clubeescolapb.com.br\/?page_id=41"},"modified":"2025-03-24T12:04:31","modified_gmt":"2025-03-24T15:04:31","slug":"documentos","status":"publish","type":"page","link":"https:\/\/clubeescolapb.com.br\/index.php\/documentos\/","title":{"rendered":"Documentos"},"content":{"rendered":"\t\t<div data-elementor-type=\"wp-page\" data-elementor-id=\"41\" class=\"elementor elementor-41\" data-elementor-post-type=\"page\">\n\t\t\t\t<div class=\"elementor-element elementor-element-448f0c4 e-flex e-con-boxed e-con e-parent\" data-id=\"448f0c4\" data-element_type=\"container\">\n\t\t\t\t\t<div class=\"e-con-inner\">\n\t\t\t\t<div class=\"elementor-element elementor-element-12f7f70 animated-slow elementor-invisible elementor-widget elementor-widget-heading\" data-id=\"12f7f70\" data-element_type=\"widget\" data-settings=\"{&quot;_animation&quot;:&quot;fadeInDown&quot;}\" data-widget_type=\"heading.default\">\n\t\t\t\t<div class=\"elementor-widget-container\">\n\t\t\t<h2 class=\"elementor-heading-title elementor-size-default\">DOCUMENTOS<\/h2>\t\t<\/div>\n\t\t\t\t<\/div>\n\t\t\t\t\t<\/div>\n\t\t\t\t<\/div>\n\t\t<div class=\"elementor-element elementor-element-f988f48 e-flex e-con-boxed e-con e-parent\" data-id=\"f988f48\" data-element_type=\"container\">\n\t\t\t\t\t<div class=\"e-con-inner\">\n\t\t<div class=\"elementor-element elementor-element-7c1145a e-grid animated-slow e-con-boxed elementor-invisible e-con e-child\" data-id=\"7c1145a\" data-element_type=\"container\" data-settings=\"{&quot;animation&quot;:&quot;fadeInLeft&quot;}\">\n\t\t\t\t\t<div class=\"e-con-inner\">\n\t\t\t\t<div class=\"elementor-element elementor-element-a564534 elementor-widget elementor-widget-text-editor\" data-id=\"a564534\" data-element_type=\"widget\" data-widget_type=\"text-editor.default\">\n\t\t\t\t<div class=\"elementor-widget-container\">\n\t\t\t\t\t\t\t<p><a href=\"https:\/\/clubeescolapb.com.br\/wp-content\/uploads\/2025\/02\/ATA-2015.pdf\" target=\"_blank\" rel=\"noopener\"><u>Ata Assembleia\u00a0 Geral 2015<\/u><\/a><\/p>\t\t\t\t\t\t<\/div>\n\t\t\t\t<\/div>\n\t\t\t\t<div class=\"elementor-element elementor-element-b72a755 elementor-widget elementor-widget-text-editor\" data-id=\"b72a755\" data-element_type=\"widget\" data-widget_type=\"text-editor.default\">\n\t\t\t\t<div class=\"elementor-widget-container\">\n\t\t\t\t\t\t\t<p><a href=\"https:\/\/clubeescolapb.com.br\/wp-content\/uploads\/2024\/11\/ATA-Prestacao-de-Contas-2023.pdf\" target=\"_blank\" rel=\"noopener\"><u>Ata da Assembleia Geral de Aprova\u00e7\u00e3o das Contas de 2023<\/u><\/a><\/p>\t\t\t\t\t\t<\/div>\n\t\t\t\t<\/div>\n\t\t\t\t<div class=\"elementor-element elementor-element-88755b4 elementor-widget elementor-widget-text-editor\" data-id=\"88755b4\" data-element_type=\"widget\" data-widget_type=\"text-editor.default\">\n\t\t\t\t<div class=\"elementor-widget-container\">\n\t\t\t\t\t\t\t<p><a href=\"https:\/\/clubeescolapb.com.br\/wp-content\/uploads\/2025\/02\/ATA-31.03.24.pdf\" target=\"_blank\" rel=\"noopener\"><u>Ata de Aprova\u00e7\u00e3o de Contas 31\/03\/2024<\/u><\/a><\/p>\t\t\t\t\t\t<\/div>\n\t\t\t\t<\/div>\n\t\t\t\t<div class=\"elementor-element elementor-element-a6ed263 elementor-widget elementor-widget-text-editor\" data-id=\"a6ed263\" data-element_type=\"widget\" data-widget_type=\"text-editor.default\">\n\t\t\t\t<div class=\"elementor-widget-container\">\n\t\t\t\t\t\t\t<p><a href=\"https:\/\/clubeescolapb.com.br\/wp-content\/uploads\/2024\/11\/ATA-Clube-Escola-Eleicao-2022.pdf\" target=\"_blank\" rel=\"noopener\"><u>Ata Elei\u00e7\u00e3o de 2022<\/u><\/a><\/p>\t\t\t\t\t\t<\/div>\n\t\t\t\t<\/div>\n\t\t\t\t<div class=\"elementor-element elementor-element-4dd268c elementor-widget elementor-widget-text-editor\" data-id=\"4dd268c\" data-element_type=\"widget\" data-widget_type=\"text-editor.default\">\n\t\t\t\t<div class=\"elementor-widget-container\">\n\t\t\t\t\t\t\t<p><a href=\"https:\/\/clubeescolapb.com.br\/wp-content\/uploads\/2024\/11\/ATA-Clube-Escola-Eleicao-2023.pdf\" target=\"_blank\" rel=\"noopener\"><u>Ata Elei\u00e7\u00e3o de 2023<\/u><\/a><\/p>\t\t\t\t\t\t<\/div>\n\t\t\t\t<\/div>\n\t\t\t\t<div class=\"elementor-element elementor-element-fde9a3a elementor-widget elementor-widget-text-editor\" data-id=\"fde9a3a\" data-element_type=\"widget\" data-widget_type=\"text-editor.default\">\n\t\t\t\t<div class=\"elementor-widget-container\">\n\t\t\t\t\t\t\t<p><a href=\"https:\/\/clubeescolapb.com.br\/wp-content\/uploads\/2025\/02\/Ata-AGE-_eleicao-Diretoria-Registrado-2024.pdf\" target=\"_blank\" rel=\"noopener\"><u>Ata Elei\u00e7\u00e3o de 2024<\/u><\/a><\/p>\t\t\t\t\t\t<\/div>\n\t\t\t\t<\/div>\n\t\t\t\t<div class=\"elementor-element elementor-element-9264425 elementor-widget elementor-widget-text-editor\" data-id=\"9264425\" data-element_type=\"widget\" data-widget_type=\"text-editor.default\">\n\t\t\t\t<div class=\"elementor-widget-container\">\n\t\t\t\t\t\t\t<p><a href=\"https:\/\/clubeescolapb.com.br\/wp-content\/uploads\/2025\/02\/Balanco-Patrimonial-e-Demonstrativo-de-Resultados-do-Exercicio-de-2022-.pdf\" target=\"_blank\" rel=\"noopener\"><u>Balan\u00e7o Patrimonial e DRE 2022<\/u><\/a><\/p>\t\t\t\t\t\t<\/div>\n\t\t\t\t<\/div>\n\t\t\t\t<div class=\"elementor-element elementor-element-4768a71 elementor-widget elementor-widget-text-editor\" data-id=\"4768a71\" data-element_type=\"widget\" data-widget_type=\"text-editor.default\">\n\t\t\t\t<div class=\"elementor-widget-container\">\n\t\t\t\t\t\t\t<p><a href=\"https:\/\/clubeescolapb.com.br\/wp-content\/uploads\/2024\/11\/Balanco-Patrimonial-e-DRE-de-2023.pdf\" target=\"_blank\" rel=\"noopener\"><u>Balan\u00e7o Patrimonial e Demonstrativo de Resultados do Exerc\u00edcio de 2023<\/u><\/a><\/p>\t\t\t\t\t\t<\/div>\n\t\t\t\t<\/div>\n\t\t\t\t<div class=\"elementor-element elementor-element-814a4fc elementor-widget elementor-widget-text-editor\" data-id=\"814a4fc\" data-element_type=\"widget\" data-widget_type=\"text-editor.default\">\n\t\t\t\t<div class=\"elementor-widget-container\">\n\t\t\t\t\t\t\t<p><u><a href=\"https:\/\/clubeescolapb.com.br\/wp-content\/uploads\/2025\/01\/Estatuto.pdf\">Estatuto Social<\/a><\/u><\/p>\t\t\t\t\t\t<\/div>\n\t\t\t\t<\/div>\n\t\t\t\t<div class=\"elementor-element elementor-element-5572784 elementor-widget elementor-widget-text-editor\" data-id=\"5572784\" data-element_type=\"widget\" data-widget_type=\"text-editor.default\">\n\t\t\t\t<div class=\"elementor-widget-container\">\n\t\t\t\t\t\t\t<p><a href=\"https:\/\/clubeescolapb.com.br\/wp-content\/uploads\/2025\/01\/Parecer-do-conselho-fiscal-2022.pdf\" target=\"_blank\" rel=\"noopener\"><u>Parecer Fiscal 2022<\/u><\/a><\/p>\t\t\t\t\t\t<\/div>\n\t\t\t\t<\/div>\n\t\t\t\t<div class=\"elementor-element elementor-element-64112b6 elementor-widget elementor-widget-text-editor\" data-id=\"64112b6\" data-element_type=\"widget\" data-widget_type=\"text-editor.default\">\n\t\t\t\t<div class=\"elementor-widget-container\">\n\t\t\t\t\t\t\t<p><a href=\"https:\/\/clubeescolapb.com.br\/wp-content\/uploads\/2025\/01\/Parecer-do-conselho-fiscal-2023.pdf\" target=\"_blank\" rel=\"noopener\"><u>Parecer Fiscal 2023<\/u><\/a><\/p>\t\t\t\t\t\t<\/div>\n\t\t\t\t<\/div>\n\t\t\t\t<div class=\"elementor-element elementor-element-c24847a elementor-widget elementor-widget-text-editor\" data-id=\"c24847a\" data-element_type=\"widget\" data-widget_type=\"text-editor.default\">\n\t\t\t\t<div class=\"elementor-widget-container\">\n\t\t\t\t\t\t\t<p><a href=\"https:\/\/clubeescolapb.com.br\/wp-content\/uploads\/2024\/11\/Prestacao-de-contas-2023.pdf\" target=\"_blank\" rel=\"noopener\"><u>Parecer Conselho Fiscal<\/u><\/a><\/p>\t\t\t\t\t\t<\/div>\n\t\t\t\t<\/div>\n\t\t\t\t<div class=\"elementor-element elementor-element-2608554 elementor-widget elementor-widget-text-editor\" data-id=\"2608554\" data-element_type=\"widget\" data-widget_type=\"text-editor.default\">\n\t\t\t\t<div class=\"elementor-widget-container\">\n\t\t\t\t\t\t\t<p><a href=\"https:\/\/clubeescolapb.com.br\/wp-content\/uploads\/2024\/11\/Relatorio-de-Atividades.pdf\" target=\"_blank\" rel=\"noopener\"><u>Relat\u00f3rio das Atividades<\/u><\/a><\/p>\t\t\t\t\t\t<\/div>\n\t\t\t\t<\/div>\n\t\t\t\t<div class=\"elementor-element elementor-element-fb4a597 elementor-widget elementor-widget-text-editor\" data-id=\"fb4a597\" data-element_type=\"widget\" data-widget_type=\"text-editor.default\">\n\t\t\t\t<div class=\"elementor-widget-container\">\n\t\t\t\t\t\t\t<p><a href=\"https:\/\/clubeescolapb.com.br\/wp-content\/uploads\/2025\/03\/RELATORIO-DE-GESTAO-2023_.pdf\" target=\"_blank\"><u>Relat\u00f3rio de Gest\u00e3o 2023<\/u><\/a><\/p>\t\t\t\t\t\t<\/div>\n\t\t\t\t<\/div>\n\t\t\t\t<div class=\"elementor-element elementor-element-e8ac357 elementor-widget elementor-widget-text-editor\" data-id=\"e8ac357\" data-element_type=\"widget\" data-widget_type=\"text-editor.default\">\n\t\t\t\t<div class=\"elementor-widget-container\">\n\t\t\t\t\t\t\t<p><a href=\"https:\/\/clubeescolapb.com.br\/wp-content\/uploads\/2024\/11\/RELATORIO-DE-PRESTACAO-DE-CONTAS-DO-EXERCICIO-DE-2022.pdf\" target=\"_blank\" rel=\"noopener\"><u>Relat\u00f3rio Financeiro de 2022<\/u><\/a><\/p>\t\t\t\t\t\t<\/div>\n\t\t\t\t<\/div>\n\t\t\t\t<div class=\"elementor-element elementor-element-6a7d6f2 elementor-widget elementor-widget-text-editor\" data-id=\"6a7d6f2\" data-element_type=\"widget\" data-widget_type=\"text-editor.default\">\n\t\t\t\t<div class=\"elementor-widget-container\">\n\t\t\t\t\t\t\t<p><a href=\"https:\/\/clubeescolapb.com.br\/wp-content\/uploads\/2024\/11\/RELATORIO-FINANCEIRO-DO-EXERCICIO-DE-2023.pdf\" target=\"_blank\" rel=\"noopener\"><u>Relat\u00f3rio Financeiro de 2023<\/u><\/a><\/p>\t\t\t\t\t\t<\/div>\n\t\t\t\t<\/div>\n\t\t\t\t<div class=\"elementor-element elementor-element-f905032 elementor-widget elementor-widget-text-editor\" data-id=\"f905032\" data-element_type=\"widget\" data-widget_type=\"text-editor.default\">\n\t\t\t\t<div class=\"elementor-widget-container\">\n\t\t\t\t\t\t\t<p><u><a href=\"https:\/\/clubeescolapb.com.br\/wp-content\/uploads\/2025\/03\/Organograma-Clube-Escola-de-Paraquedismo-Boituva.pdf\">Organograma<\/a><\/u><\/p>\t\t\t\t\t\t<\/div>\n\t\t\t\t<\/div>\n\t\t\t\t\t<\/div>\n\t\t\t\t<\/div>\n\t\t\t\t\t<\/div>\n\t\t\t\t<\/div>\n\t\t\t\t<\/div>\n\t\t","protected":false},"excerpt":{"rendered":"<p>DOCUMENTOS Ata Assembleia\u00a0 Geral 2015 Ata da Assembleia Geral de Aprova\u00e7\u00e3o das Contas de 2023 Ata de Aprova\u00e7\u00e3o de Contas 31\/03\/2024 Ata Elei\u00e7\u00e3o de 2022 Ata Elei\u00e7\u00e3o de 2023 Ata Elei\u00e7\u00e3o de 2024 Balan\u00e7o Patrimonial e DRE 2022 Balan\u00e7o Patrimonial e Demonstrativo de Resultados do Exerc\u00edcio de 2023 Estatuto Social Parecer Fiscal 2022 Parecer Fiscal [&hellip;]<\/p>\n","protected":false},"author":1,"featured_media":0,"parent":0,"menu_order":0,"comment_status":"closed","ping_status":"closed","template":"elementor_header_footer","meta":{"ocean_post_layout":"","ocean_both_sidebars_style":"","ocean_both_sidebars_content_width":0,"ocean_both_sidebars_sidebars_width":0,"ocean_sidebar":"","ocean_second_sidebar":"","ocean_disable_margins":"enable","ocean_add_body_class":"","ocean_shortcode_before_top_bar":"","ocean_shortcode_after_top_bar":"","ocean_shortcode_before_header":"","ocean_shortcode_after_header":"","ocean_has_shortcode":"","ocean_shortcode_after_title":"","ocean_shortcode_before_footer_widgets":"","ocean_shortcode_after_footer_widgets":"","ocean_shortcode_before_footer_bottom":"","ocean_shortcode_after_footer_bottom":"","ocean_display_top_bar":"off","ocean_display_header":"on","ocean_header_style":"","ocean_center_header_left_menu":"","ocean_custom_header_template":"","ocean_custom_logo":0,"ocean_custom_retina_logo":0,"ocean_custom_logo_max_width":0,"ocean_custom_logo_tablet_max_width":0,"ocean_custom_logo_mobile_max_width":0,"ocean_custom_logo_max_height":0,"ocean_custom_logo_tablet_max_height":0,"ocean_custom_logo_mobile_max_height":0,"ocean_header_custom_menu":"4","ocean_menu_typo_font_family":"","ocean_menu_typo_font_subset":"","ocean_menu_typo_font_size":0,"ocean_menu_typo_font_size_tablet":0,"ocean_menu_typo_font_size_mobile":0,"ocean_menu_typo_font_size_unit":"px","ocean_menu_typo_font_weight":"","ocean_menu_typo_font_weight_tablet":"","ocean_menu_typo_font_weight_mobile":"","ocean_menu_typo_transform":"","ocean_menu_typo_transform_tablet":"","ocean_menu_typo_transform_mobile":"","ocean_menu_typo_line_height":0,"ocean_menu_typo_line_height_tablet":0,"ocean_menu_typo_line_height_mobile":0,"ocean_menu_typo_line_height_unit":"","ocean_menu_typo_spacing":0,"ocean_menu_typo_spacing_tablet":0,"ocean_menu_typo_spacing_mobile":0,"ocean_menu_typo_spacing_unit":"","ocean_menu_link_color":"","ocean_menu_link_color_hover":"","ocean_menu_link_color_active":"","ocean_menu_link_background":"","ocean_menu_link_hover_background":"","ocean_menu_link_active_background":"","ocean_menu_social_links_bg":"","ocean_menu_social_hover_links_bg":"","ocean_menu_social_links_color":"","ocean_menu_social_hover_links_color":"","ocean_disable_title":"on","ocean_disable_heading":"default","ocean_post_title":"","ocean_post_subheading":"","ocean_post_title_style":"","ocean_post_title_background_color":"","ocean_post_title_background":0,"ocean_post_title_bg_image_position":"","ocean_post_title_bg_image_attachment":"","ocean_post_title_bg_image_repeat":"","ocean_post_title_bg_image_size":"","ocean_post_title_height":0,"ocean_post_title_bg_overlay":0.5,"ocean_post_title_bg_overlay_color":"","ocean_disable_breadcrumbs":"default","ocean_breadcrumbs_color":"","ocean_breadcrumbs_separator_color":"","ocean_breadcrumbs_links_color":"","ocean_breadcrumbs_links_hover_color":"","ocean_display_footer_widgets":"default","ocean_display_footer_bottom":"default","ocean_custom_footer_template":"","footnotes":""},"class_list":["post-41","page","type-page","status-publish","hentry","entry"],"_links":{"self":[{"href":"https:\/\/clubeescolapb.com.br\/index.php\/wp-json\/wp\/v2\/pages\/41","targetHints":{"allow":["GET"]}}],"collection":[{"href":"https:\/\/clubeescolapb.com.br\/index.php\/wp-json\/wp\/v2\/pages"}],"about":[{"href":"https:\/\/clubeescolapb.com.br\/index.php\/wp-json\/wp\/v2\/types\/page"}],"author":[{"embeddable":true,"href":"https:\/\/clubeescolapb.com.br\/index.php\/wp-json\/wp\/v2\/users\/1"}],"replies":[{"embeddable":true,"href":"https:\/\/clubeescolapb.com.br\/index.php\/wp-json\/wp\/v2\/comments?post=41"}],"version-history":[{"count":78,"href":"https:\/\/clubeescolapb.com.br\/index.php\/wp-json\/wp\/v2\/pages\/41\/revisions"}],"predecessor-version":[{"id":315,"href":"https:\/\/clubeescolapb.com.br\/index.php\/wp-json\/wp\/v2\/pages\/41\/revisions\/315"}],"wp:attachment":[{"href":"https:\/\/clubeescolapb.com.br\/index.php\/wp-json\/wp\/v2\/media?parent=41"}],"curies":[{"name":"wp","href":"https:\/\/api.w.org\/{rel}","templated":true}]}}