{"id":37,"date":"2024-11-01T01:46:34","date_gmt":"2024-11-01T04:46:34","guid":{"rendered":"https:\/\/clubeescolapb.com.br\/?page_id=37"},"modified":"2025-03-25T21:56:51","modified_gmt":"2025-03-26T00:56:51","slug":"projetos-lie","status":"publish","type":"page","link":"https:\/\/clubeescolapb.com.br\/index.php\/projetos-lie\/","title":{"rendered":"Projetos LIE"},"content":{"rendered":"\t\t<div data-elementor-type=\"wp-page\" data-elementor-id=\"37\" class=\"elementor elementor-37\" data-elementor-post-type=\"page\">\n\t\t\t\t<div class=\"elementor-element elementor-element-3300989 e-flex e-con-boxed e-con e-parent\" data-id=\"3300989\" data-element_type=\"container\">\n\t\t\t\t\t<div class=\"e-con-inner\">\n\t\t\t\t<div class=\"elementor-element elementor-element-e7a57c3 elementor-widget elementor-widget-heading\" data-id=\"e7a57c3\" data-element_type=\"widget\" data-widget_type=\"heading.default\">\n\t\t\t\t<div class=\"elementor-widget-container\">\n\t\t\t<h2 class=\"elementor-heading-title elementor-size-default\">PROJETOS LIE<\/h2>\t\t<\/div>\n\t\t\t\t<\/div>\n\t\t\t\t\t<\/div>\n\t\t\t\t<\/div>\n\t\t<div class=\"elementor-element elementor-element-1e82e76 e-flex e-con-boxed e-con e-parent\" data-id=\"1e82e76\" data-element_type=\"container\">\n\t\t\t\t\t<div class=\"e-con-inner\">\n\t\t<div class=\"elementor-element elementor-element-2c1428d e-con-full e-flex e-con e-child\" data-id=\"2c1428d\" data-element_type=\"container\">\n\t\t<div class=\"elementor-element elementor-element-1248faa e-grid e-con-boxed e-con e-child\" data-id=\"1248faa\" data-element_type=\"container\">\n\t\t\t\t\t<div class=\"e-con-inner\">\n\t\t\t\t<div class=\"elementor-element elementor-element-1ac93bd elementor-widget elementor-widget-heading\" data-id=\"1ac93bd\" data-element_type=\"widget\" data-widget_type=\"heading.default\">\n\t\t\t\t<div class=\"elementor-widget-container\">\n\t\t\t<h2 class=\"elementor-heading-title elementor-size-default\">41 - Processo: 71000.078335\/2023-86<\/h2>\t\t<\/div>\n\t\t\t\t<\/div>\n\t\t\t\t<div class=\"elementor-element elementor-element-9541458 elementor-widget elementor-widget-text-editor\" data-id=\"9541458\" data-element_type=\"widget\" data-widget_type=\"text-editor.default\">\n\t\t\t\t<div class=\"elementor-widget-container\">\n\t\t\t\t\t\t\t<p>Proponente: Clube Escola Para-Quedismo Boituva <br \/>T\u00edtulo: Recorde Sul Americano de Head Down <br \/>Registro: 2303280\u2028<br \/>Manifesta\u00e7\u00e3o Desportiva: Desporto de Rendimento <br \/>CNPJ: 08.157.416\/0001-20\u2028<br \/>Cidade: Boituva UF: SP\u2028<br \/>Valor autorizado para capta\u00e7\u00e3o: R$ 296.898,96<\/p><p>Dados Banc\u00e1rios: Banco do Brasil Ag\u00eancia no 1649 DV: 7 Conta Corrente (Capta\u00e7\u00e3o) vinculada no 55154-6<\/p><p>Per\u00edodo de Capta\u00e7\u00e3o at\u00e9: 08\/11\/2025<\/p>\t\t\t\t\t\t<\/div>\n\t\t\t\t<\/div>\n\t\t\t\t<div class=\"elementor-element elementor-element-f2b5571 elementor-widget elementor-widget-heading\" data-id=\"f2b5571\" data-element_type=\"widget\" data-widget_type=\"heading.default\">\n\t\t\t\t<div class=\"elementor-widget-container\">\n\t\t\t<h2 class=\"elementor-heading-title elementor-size-default\"><a href=\"https:\/\/clubeescolapb.com.br\/wp-content\/uploads\/2025\/03\/Recorde-Head-Down-02195_2023.pdf\" target=\"_blank\"><u>Of\u00edcio Projeto<\/u><\/a><\/h2>\t\t<\/div>\n\t\t\t\t<\/div>\n\t\t\t\t<div class=\"elementor-element elementor-element-7e97348 elementor-widget elementor-widget-heading\" data-id=\"7e97348\" data-element_type=\"widget\" data-widget_type=\"heading.default\">\n\t\t\t\t<div class=\"elementor-widget-container\">\n\t\t\t<h2 class=\"elementor-heading-title elementor-size-default\"><a href=\"https:\/\/clubeescolapb.com.br\/wp-content\/uploads\/2025\/03\/DOU-Recorde-Sul-Americano-de-Head-Down.pdf\" target=\"_blank\"><u>DOU Recorde<\/u><\/a><\/h2>\t\t<\/div>\n\t\t\t\t<\/div>\n\t\t\t\t\t<\/div>\n\t\t\t\t<\/div>\n\t\t\t\t<\/div>\n\t\t<div class=\"elementor-element elementor-element-68a802b e-con-full e-flex e-con e-child\" data-id=\"68a802b\" data-element_type=\"container\">\n\t\t<div class=\"elementor-element elementor-element-4a599b4 e-grid e-con-full e-con e-child\" data-id=\"4a599b4\" data-element_type=\"container\">\n\t\t\t\t<div class=\"elementor-element elementor-element-b4b75b4 elementor-widget elementor-widget-heading\" data-id=\"b4b75b4\" data-element_type=\"widget\" data-widget_type=\"heading.default\">\n\t\t\t\t<div class=\"elementor-widget-container\">\n\t\t\t<h2 class=\"elementor-heading-title elementor-size-default\">21 - Processo: 71000.080578\/2023-84<\/h2>\t\t<\/div>\n\t\t\t\t<\/div>\n\t\t\t\t<div class=\"elementor-element elementor-element-cec2d64 elementor-widget elementor-widget-text-editor\" data-id=\"cec2d64\" data-element_type=\"widget\" data-widget_type=\"text-editor.default\">\n\t\t\t\t<div class=\"elementor-widget-container\">\n\t\t\t\t\t\t\t<p>Proponente: Clube Escola Para-Quedismo Boituva\u2028<br \/>T\u00edtulo: Team Go Fly Treinamentos\u2028<br \/>Registro: 2303523\u2028<br \/>Manifesta\u00e7\u00e3o Desportiva: Desporto de Rendimento\u2028<br \/>CNPJ: 08.157.416\/0001-20\u2028<br \/>Cidade: Boituva\u00a0UF: SP\u2028<br \/>Valor autorizado para capta\u00e7\u00e3o: R$ 642.148,50\u2028<\/p><p>Dados Banc\u00e1rios: Banco do Brasil Ag\u00eancia no 1649 DV: 7 Conta Corrente (Capta\u00e7\u00e3o) vinculada no 55154-6<\/p><p>Per\u00edodo de Capta\u00e7\u00e3o at\u00e9: 08\/11\/2025<\/p>\t\t\t\t\t\t<\/div>\n\t\t\t\t<\/div>\n\t\t\t\t<div class=\"elementor-element elementor-element-3e45f60 elementor-widget elementor-widget-heading\" data-id=\"3e45f60\" data-element_type=\"widget\" data-widget_type=\"heading.default\">\n\t\t\t\t<div class=\"elementor-widget-container\">\n\t\t\t<h2 class=\"elementor-heading-title elementor-size-default\"><a href=\"https:\/\/clubeescolapb.com.br\/wp-content\/uploads\/2025\/03\/Team-Go-Fly-Treino-02407_2023.pdf\" target=\"_blank\"><u>Of\u00edcio Projeto<\/u><\/a><\/h2>\t\t<\/div>\n\t\t\t\t<\/div>\n\t\t\t\t<div class=\"elementor-element elementor-element-14cf865 elementor-widget elementor-widget-heading\" data-id=\"14cf865\" data-element_type=\"widget\" data-widget_type=\"heading.default\">\n\t\t\t\t<div class=\"elementor-widget-container\">\n\t\t\t<h2 class=\"elementor-heading-title elementor-size-default\"><a href=\"https:\/\/clubeescolapb.com.br\/wp-content\/uploads\/2025\/03\/DOU-Team-Go-Fly-Treinamentos.pdf\" target=\"_blank\"><u>DOU Team Go Fly<\/u><\/a><\/h2>\t\t<\/div>\n\t\t\t\t<\/div>\n\t\t\t\t<\/div>\n\t\t\t\t<\/div>\n\t\t\t\t\t<\/div>\n\t\t\t\t<\/div>\n\t\t\t\t<\/div>\n\t\t","protected":false},"excerpt":{"rendered":"<p>PROJETOS LIE 41 &#8211; Processo: 71000.078335\/2023-86 Proponente: Clube Escola Para-Quedismo Boituva T\u00edtulo: Recorde Sul Americano de Head Down Registro: 2303280\u2028Manifesta\u00e7\u00e3o Desportiva: Desporto de Rendimento CNPJ: 08.157.416\/0001-20\u2028Cidade: Boituva UF: SP\u2028Valor autorizado para capta\u00e7\u00e3o: R$ 296.898,96 Dados Banc\u00e1rios: Banco do Brasil Ag\u00eancia no 1649 DV: 7 Conta Corrente (Capta\u00e7\u00e3o) vinculada no 55154-6 Per\u00edodo de Capta\u00e7\u00e3o at\u00e9: 08\/11\/2025 [&hellip;]<\/p>\n","protected":false},"author":1,"featured_media":0,"parent":0,"menu_order":0,"comment_status":"closed","ping_status":"closed","template":"","meta":{"ocean_post_layout":"full-width","ocean_both_sidebars_style":"","ocean_both_sidebars_content_width":0,"ocean_both_sidebars_sidebars_width":0,"ocean_sidebar":"","ocean_second_sidebar":"","ocean_disable_margins":"enable","ocean_add_body_class":"","ocean_shortcode_before_top_bar":"","ocean_shortcode_after_top_bar":"","ocean_shortcode_before_header":"","ocean_shortcode_after_header":"","ocean_has_shortcode":"","ocean_shortcode_after_title":"","ocean_shortcode_before_footer_widgets":"","ocean_shortcode_after_footer_widgets":"","ocean_shortcode_before_footer_bottom":"","ocean_shortcode_after_footer_bottom":"","ocean_display_top_bar":"off","ocean_display_header":"on","ocean_header_style":"","ocean_center_header_left_menu":"","ocean_custom_header_template":"","ocean_custom_logo":0,"ocean_custom_retina_logo":0,"ocean_custom_logo_max_width":0,"ocean_custom_logo_tablet_max_width":0,"ocean_custom_logo_mobile_max_width":0,"ocean_custom_logo_max_height":0,"ocean_custom_logo_tablet_max_height":0,"ocean_custom_logo_mobile_max_height":0,"ocean_header_custom_menu":"4","ocean_menu_typo_font_family":"","ocean_menu_typo_font_subset":"","ocean_menu_typo_font_size":0,"ocean_menu_typo_font_size_tablet":0,"ocean_menu_typo_font_size_mobile":0,"ocean_menu_typo_font_size_unit":"px","ocean_menu_typo_font_weight":"","ocean_menu_typo_font_weight_tablet":"","ocean_menu_typo_font_weight_mobile":"","ocean_menu_typo_transform":"","ocean_menu_typo_transform_tablet":"","ocean_menu_typo_transform_mobile":"","ocean_menu_typo_line_height":0,"ocean_menu_typo_line_height_tablet":0,"ocean_menu_typo_line_height_mobile":0,"ocean_menu_typo_line_height_unit":"","ocean_menu_typo_spacing":0,"ocean_menu_typo_spacing_tablet":0,"ocean_menu_typo_spacing_mobile":0,"ocean_menu_typo_spacing_unit":"","ocean_menu_link_color":"","ocean_menu_link_color_hover":"","ocean_menu_link_color_active":"","ocean_menu_link_background":"","ocean_menu_link_hover_background":"","ocean_menu_link_active_background":"","ocean_menu_social_links_bg":"","ocean_menu_social_hover_links_bg":"","ocean_menu_social_links_color":"","ocean_menu_social_hover_links_color":"","ocean_disable_title":"on","ocean_disable_heading":"default","ocean_post_title":"","ocean_post_subheading":"","ocean_post_title_style":"","ocean_post_title_background_color":"","ocean_post_title_background":0,"ocean_post_title_bg_image_position":"","ocean_post_title_bg_image_attachment":"","ocean_post_title_bg_image_repeat":"","ocean_post_title_bg_image_size":"","ocean_post_title_height":0,"ocean_post_title_bg_overlay":0.5,"ocean_post_title_bg_overlay_color":"","ocean_disable_breadcrumbs":"off","ocean_breadcrumbs_color":"","ocean_breadcrumbs_separator_color":"","ocean_breadcrumbs_links_color":"","ocean_breadcrumbs_links_hover_color":"","ocean_display_footer_widgets":"off","ocean_display_footer_bottom":"off","ocean_custom_footer_template":"","footnotes":""},"class_list":["post-37","page","type-page","status-publish","hentry","entry"],"_links":{"self":[{"href":"https:\/\/clubeescolapb.com.br\/index.php\/wp-json\/wp\/v2\/pages\/37","targetHints":{"allow":["GET"]}}],"collection":[{"href":"https:\/\/clubeescolapb.com.br\/index.php\/wp-json\/wp\/v2\/pages"}],"about":[{"href":"https:\/\/clubeescolapb.com.br\/index.php\/wp-json\/wp\/v2\/types\/page"}],"author":[{"embeddable":true,"href":"https:\/\/clubeescolapb.com.br\/index.php\/wp-json\/wp\/v2\/users\/1"}],"replies":[{"embeddable":true,"href":"https:\/\/clubeescolapb.com.br\/index.php\/wp-json\/wp\/v2\/comments?post=37"}],"version-history":[{"count":20,"href":"https:\/\/clubeescolapb.com.br\/index.php\/wp-json\/wp\/v2\/pages\/37\/revisions"}],"predecessor-version":[{"id":332,"href":"https:\/\/clubeescolapb.com.br\/index.php\/wp-json\/wp\/v2\/pages\/37\/revisions\/332"}],"wp:attachment":[{"href":"https:\/\/clubeescolapb.com.br\/index.php\/wp-json\/wp\/v2\/media?parent=37"}],"curies":[{"name":"wp","href":"https:\/\/api.w.org\/{rel}","templated":true}]}}