{"id":246,"date":"2025-02-04T00:13:54","date_gmt":"2025-02-04T03:13:54","guid":{"rendered":"https:\/\/clubeescolapb.com.br\/?page_id=246"},"modified":"2025-02-04T00:48:36","modified_gmt":"2025-02-04T03:48:36","slug":"perguntas-frequentes","status":"publish","type":"page","link":"https:\/\/clubeescolapb.com.br\/index.php\/perguntas-frequentes\/","title":{"rendered":"Perguntas Frequentes"},"content":{"rendered":"\t\t<div data-elementor-type=\"wp-page\" data-elementor-id=\"246\" class=\"elementor elementor-246\" data-elementor-post-type=\"page\">\n\t\t\t\t<div class=\"elementor-element elementor-element-4ca9949 e-con-full e-flex e-con e-parent\" data-id=\"4ca9949\" data-element_type=\"container\">\n\t\t\t\t<div class=\"elementor-element elementor-element-946ab9c elementor-widget elementor-widget-heading\" data-id=\"946ab9c\" data-element_type=\"widget\" data-widget_type=\"heading.default\">\n\t\t\t\t<div class=\"elementor-widget-container\">\n\t\t\t<h2 class=\"elementor-heading-title elementor-size-default\">PEQUENAS FREQUENTES<\/h2>\t\t<\/div>\n\t\t\t\t<\/div>\n\t\t\t\t<div class=\"elementor-element elementor-element-ba40e3c elementor-widget elementor-widget-heading\" data-id=\"ba40e3c\" data-element_type=\"widget\" data-widget_type=\"heading.default\">\n\t\t\t\t<div class=\"elementor-widget-container\">\n\t\t\t<h2 class=\"elementor-heading-title elementor-size-default\">1.\u2060 \u2060Quem pode praticar o paraquedismo esportivo?<\/h2>\t\t<\/div>\n\t\t\t\t<\/div>\n\t\t\t\t<div class=\"elementor-element elementor-element-9d84850 elementor-widget elementor-widget-text-editor\" data-id=\"9d84850\" data-element_type=\"widget\" data-widget_type=\"text-editor.default\">\n\t\t\t\t<div class=\"elementor-widget-container\">\n\t\t\t\t\t\t\t<p><b>Resposta: <\/b>Qualquer pessoa com mais de 16 anos (com autoriza\u00e7\u00e3o dos respons\u00e1veis para menores de idade) e em boas condi\u00e7\u00f5es f\u00edsicas pode praticar. Algumas condi\u00e7\u00f5es m\u00e9dicas podem exigir avalia\u00e7\u00e3o pr\u00e9via.<\/p>\t\t\t\t\t\t<\/div>\n\t\t\t\t<\/div>\n\t\t\t\t<div class=\"elementor-element elementor-element-abece4d elementor-widget elementor-widget-heading\" data-id=\"abece4d\" data-element_type=\"widget\" data-widget_type=\"heading.default\">\n\t\t\t\t<div class=\"elementor-widget-container\">\n\t\t\t<h2 class=\"elementor-heading-title elementor-size-default\">2.\u2060 \u2060Como funciona o curso para se tornar paraquedista?<\/h2>\t\t<\/div>\n\t\t\t\t<\/div>\n\t\t\t\t<div class=\"elementor-element elementor-element-968c76b elementor-widget elementor-widget-text-editor\" data-id=\"968c76b\" data-element_type=\"widget\" data-widget_type=\"text-editor.default\">\n\t\t\t\t<div class=\"elementor-widget-container\">\n\t\t\t\t\t\t\t<p><b>Resposta: <\/b>O primeiro passo \u00e9 o curso AFF (Accelerated Freefall), que ensina os fundamentos do salto, seguran\u00e7a e controle do corpo no ar. Ap\u00f3s sete n\u00edveis de aprendizado e avalia\u00e7\u00f5es, o aluno realiza o primeiro salto solo.<\/p>\t\t\t\t\t\t<\/div>\n\t\t\t\t<\/div>\n\t\t\t\t<div class=\"elementor-element elementor-element-089a12c elementor-widget elementor-widget-heading\" data-id=\"089a12c\" data-element_type=\"widget\" data-widget_type=\"heading.default\">\n\t\t\t\t<div class=\"elementor-widget-container\">\n\t\t\t<h2 class=\"elementor-heading-title elementor-size-default\">3.\u2060 \u2060Quanto tempo leva para se tornar um paraquedista experiente?<\/h2>\t\t<\/div>\n\t\t\t\t<\/div>\n\t\t\t\t<div class=\"elementor-element elementor-element-02073f6 elementor-widget elementor-widget-text-editor\" data-id=\"02073f6\" data-element_type=\"widget\" data-widget_type=\"text-editor.default\">\n\t\t\t\t<div class=\"elementor-widget-container\">\n\t\t\t\t\t\t\t<p><b>Resposta: <\/b>Tudo depende da frequ\u00eancia de saltos. Para obter a Licen\u00e7a A (primeiro n\u00edvel de certifica\u00e7\u00e3o), s\u00e3o necess\u00e1rios 25 saltos e a aprova\u00e7\u00e3o em uma prova te\u00f3rica.<\/p>\t\t\t\t\t\t<\/div>\n\t\t\t\t<\/div>\n\t\t\t\t<div class=\"elementor-element elementor-element-f3389f3 elementor-widget elementor-widget-heading\" data-id=\"f3389f3\" data-element_type=\"widget\" data-widget_type=\"heading.default\">\n\t\t\t\t<div class=\"elementor-widget-container\">\n\t\t\t<h2 class=\"elementor-heading-title elementor-size-default\">4. Quais s\u00e3o as principais modalidades do paraquedismo esportivo?<span style=\"color: var( --e-global-color-primary );, sans-serif;font-size: 24px;font-weight: 700;text-align: var(--text-align)\"><\/span><\/h2>\t\t<\/div>\n\t\t\t\t<\/div>\n\t\t\t\t<div class=\"elementor-element elementor-element-0fe617a elementor-widget elementor-widget-text-editor\" data-id=\"0fe617a\" data-element_type=\"widget\" data-widget_type=\"text-editor.default\">\n\t\t\t\t<div class=\"elementor-widget-container\">\n\t\t\t\t\t\t\t<p><b>Resposta:<\/b><\/p><p><span style=\"font-size: 14px; color: var( --e-global-color-accent ); text-align: var(--text-align);\">Freefly (voo em diferentes posi\u00e7\u00f5es)<\/span><\/p><p><span style=\"font-size: 14px; color: var( --e-global-color-accent ); text-align: var(--text-align);\">Forma\u00e7\u00e3o em queda livre (FS) (saltos em grupo formando figuras)<\/span><\/p><p><span style=\"font-size: 14px; color: var( --e-global-color-accent ); text-align: var(--text-align);\">Wingsuit (uso de traje planador)<\/span><\/p><p><span style=\"font-size: 14px; color: var( --e-global-color-accent ); text-align: var(--text-align);\">Freestyle (manobras art\u00edsticas no ar)<\/span><\/p><p><span style=\"font-size: 14px; color: var( --e-global-color-accent ); text-align: var(--text-align);\">Swooping (pousos de alta performance com velame pequeno)<\/span><\/p>\t\t\t\t\t\t<\/div>\n\t\t\t\t<\/div>\n\t\t\t\t<div class=\"elementor-element elementor-element-366533e elementor-widget elementor-widget-heading\" data-id=\"366533e\" data-element_type=\"widget\" data-widget_type=\"heading.default\">\n\t\t\t\t<div class=\"elementor-widget-container\">\n\t\t\t<h2 class=\"elementor-heading-title elementor-size-default\">5.\u2060 \u2060Como funciona a comunica\u00e7\u00e3o durante o salto?<span style=\"color: var( --e-global-color-primary );, sans-serif;font-size: 24px;font-weight: 700;text-align: var(--text-align)\"><\/span><\/h2>\t\t<\/div>\n\t\t\t\t<\/div>\n\t\t\t\t<div class=\"elementor-element elementor-element-0f5e237 elementor-widget elementor-widget-text-editor\" data-id=\"0f5e237\" data-element_type=\"widget\" data-widget_type=\"text-editor.default\">\n\t\t\t\t<div class=\"elementor-widget-container\">\n\t\t\t\t\t\t\t<p><b>Resposta: <\/b>Paraquedistas utilizam sinais manuais na queda livre e, em alguns casos, r\u00e1dio para instru\u00e7\u00f5es no pouso.<\/p>\t\t\t\t\t\t<\/div>\n\t\t\t\t<\/div>\n\t\t\t\t<div class=\"elementor-element elementor-element-73fd093 elementor-widget elementor-widget-heading\" data-id=\"73fd093\" data-element_type=\"widget\" data-widget_type=\"heading.default\">\n\t\t\t\t<div class=\"elementor-widget-container\">\n\t\t\t<h2 class=\"elementor-heading-title elementor-size-default\">6. Quais s\u00e3o os principais equipamentos de um paraquedista?<span style=\"color: var( --e-global-color-primary );, sans-serif;font-size: 24px;font-weight: 700;text-align: var(--text-align)\"><\/span><\/h2>\t\t<\/div>\n\t\t\t\t<\/div>\n\t\t\t\t<div class=\"elementor-element elementor-element-21b08db elementor-widget elementor-widget-text-editor\" data-id=\"21b08db\" data-element_type=\"widget\" data-widget_type=\"text-editor.default\">\n\t\t\t\t<div class=\"elementor-widget-container\">\n\t\t\t\t\t\t\t<p><b>Resposta:\u00a0<\/b><\/p><p>Paraquedas principal e reserva<br \/>AAD (Dispositivo de Abertura Autom\u00e1tica)<br \/>Alt\u00edmetro (anal\u00f3gico ou digital)<br \/>Macac\u00e3o de voo (opcional dependendo da modalidade)<br \/>\u00d3culos de prote\u00e7\u00e3o e capacete<\/p>\t\t\t\t\t\t<\/div>\n\t\t\t\t<\/div>\n\t\t\t\t<div class=\"elementor-element elementor-element-9eb7b20 elementor-widget elementor-widget-heading\" data-id=\"9eb7b20\" data-element_type=\"widget\" data-widget_type=\"heading.default\">\n\t\t\t\t<div class=\"elementor-widget-container\">\n\t\t\t<h2 class=\"elementor-heading-title elementor-size-default\">7.\u2060 \u2060O que acontece se o paraquedas principal n\u00e3o abrir?<span style=\"color: var( --e-global-color-primary );, sans-serif;font-size: 24px;font-weight: 700;text-align: var(--text-align)\"><\/span><\/h2>\t\t<\/div>\n\t\t\t\t<\/div>\n\t\t\t\t<div class=\"elementor-element elementor-element-7db39c8 elementor-widget elementor-widget-text-editor\" data-id=\"7db39c8\" data-element_type=\"widget\" data-widget_type=\"text-editor.default\">\n\t\t\t\t<div class=\"elementor-widget-container\">\n\t\t\t\t\t\t\t<p><b>Resposta:\u00a0<\/b><span style=\"font-size: 14px; color: var( --e-global-color-accent ); text-align: var(--text-align);\">Paraquedistas carregam um paraquedas reserva dobrado por um profissional certificado. Al\u00e9m disso, o AAD pode acionar a abertura automaticamente em caso de emerg\u00eancia.<\/span><\/p>\t\t\t\t\t\t<\/div>\n\t\t\t\t<\/div>\n\t\t\t\t<div class=\"elementor-element elementor-element-2ed3b5e elementor-widget elementor-widget-heading\" data-id=\"2ed3b5e\" data-element_type=\"widget\" data-widget_type=\"heading.default\">\n\t\t\t\t<div class=\"elementor-widget-container\">\n\t\t\t<h2 class=\"elementor-heading-title elementor-size-default\">8.\u2060 \u2060Existe um limite de tempo para abrir o paraquedas?<span style=\"color: var( --e-global-color-primary );, sans-serif;font-size: 24px;font-weight: 700;text-align: var(--text-align)\"><\/span><\/h2>\t\t<\/div>\n\t\t\t\t<\/div>\n\t\t\t\t<div class=\"elementor-element elementor-element-423c4a8 elementor-widget elementor-widget-text-editor\" data-id=\"423c4a8\" data-element_type=\"widget\" data-widget_type=\"text-editor.default\">\n\t\t\t\t<div class=\"elementor-widget-container\">\n\t\t\t\t\t\t\t<p><b>Resposta:\u00a0<\/b><span style=\"text-align: var(--text-align);\">Sim. A altura m\u00ednima recomendada para abertura do paraquedas principal varia conforme o n\u00edvel do atleta, mas geralmente entre 900m e 1.200m. O reserva \u00e9 acionado abaixo disso, se necess\u00e1rio.<\/span><\/p>\t\t\t\t\t\t<\/div>\n\t\t\t\t<\/div>\n\t\t\t\t<div class=\"elementor-element elementor-element-f53799e elementor-widget elementor-widget-heading\" data-id=\"f53799e\" data-element_type=\"widget\" data-widget_type=\"heading.default\">\n\t\t\t\t<div class=\"elementor-widget-container\">\n\t\t\t<h2 class=\"elementor-heading-title elementor-size-default\">9.\u2060 \u2060Em quais condi\u00e7\u00f5es clim\u00e1ticas n\u00e3o \u00e9 poss\u00edvel saltar?<span style=\"color: var( --e-global-color-primary );, sans-serif;font-size: 24px;font-weight: 700;text-align: var(--text-align)\"><\/span><\/h2>\t\t<\/div>\n\t\t\t\t<\/div>\n\t\t\t\t<div class=\"elementor-element elementor-element-ba61400 elementor-widget elementor-widget-text-editor\" data-id=\"ba61400\" data-element_type=\"widget\" data-widget_type=\"text-editor.default\">\n\t\t\t\t<div class=\"elementor-widget-container\">\n\t\t\t\t\t\t\t<p><b>Resposta:\u00a0<\/b><\/p><p><span style=\"text-align: var(--text-align);\">Ventos fortes acima de 25 n\u00f3s<\/span><\/p><p>Chuvas e tempestades<\/p><p>Neblina intensa que reduz a visibilidade<\/p>\t\t\t\t\t\t<\/div>\n\t\t\t\t<\/div>\n\t\t\t\t<div class=\"elementor-element elementor-element-fe8687e elementor-widget elementor-widget-heading\" data-id=\"fe8687e\" data-element_type=\"widget\" data-widget_type=\"heading.default\">\n\t\t\t\t<div class=\"elementor-widget-container\">\n\t\t\t<h2 class=\"elementor-heading-title elementor-size-default\">10. Posso saltar com minha pr\u00f3pria c\u00e2mera (GoPro, Insta360)?<span style=\"color: var( --e-global-color-primary );, sans-serif;font-size: 24px;font-weight: 700;text-align: var(--text-align)\"><\/span><\/h2>\t\t<\/div>\n\t\t\t\t<\/div>\n\t\t\t\t<div class=\"elementor-element elementor-element-6facbaa elementor-widget elementor-widget-text-editor\" data-id=\"6facbaa\" data-element_type=\"widget\" data-widget_type=\"text-editor.default\">\n\t\t\t\t<div class=\"elementor-widget-container\">\n\t\t\t\t\t\t\t<p><b>Resposta:&nbsp;<\/b><span style=\"text-align: var(--text-align);\">Somente paraquedistas com mais de 50 saltos podem usar c\u00e2meras, pois podem representar um risco na seguran\u00e7a do salto.<\/span><\/p>\t\t\t\t\t\t<\/div>\n\t\t\t\t<\/div>\n\t\t\t\t<\/div>\n\t\t\t\t<\/div>\n\t\t","protected":false},"excerpt":{"rendered":"<p>PEQUENAS FREQUENTES 1.\u2060 \u2060Quem pode praticar o paraquedismo esportivo? Resposta: Qualquer pessoa com mais de 16 anos (com autoriza\u00e7\u00e3o dos respons\u00e1veis para menores de idade) e em boas condi\u00e7\u00f5es f\u00edsicas pode praticar. Algumas condi\u00e7\u00f5es m\u00e9dicas podem exigir avalia\u00e7\u00e3o pr\u00e9via. 2.\u2060 \u2060Como funciona o curso para se tornar paraquedista? Resposta: O primeiro passo \u00e9 o curso [&hellip;]<\/p>\n","protected":false},"author":1,"featured_media":0,"parent":0,"menu_order":0,"comment_status":"closed","ping_status":"closed","template":"","meta":{"ocean_post_layout":"full-screen","ocean_both_sidebars_style":"","ocean_both_sidebars_content_width":0,"ocean_both_sidebars_sidebars_width":0,"ocean_sidebar":"","ocean_second_sidebar":"","ocean_disable_margins":"on","ocean_add_body_class":"","ocean_shortcode_before_top_bar":"","ocean_shortcode_after_top_bar":"","ocean_shortcode_before_header":"","ocean_shortcode_after_header":"","ocean_has_shortcode":"","ocean_shortcode_after_title":"","ocean_shortcode_before_footer_widgets":"","ocean_shortcode_after_footer_widgets":"","ocean_shortcode_before_footer_bottom":"","ocean_shortcode_after_footer_bottom":"","ocean_display_top_bar":"off","ocean_display_header":"default","ocean_header_style":"","ocean_center_header_left_menu":"","ocean_custom_header_template":"","ocean_custom_logo":0,"ocean_custom_retina_logo":0,"ocean_custom_logo_max_width":0,"ocean_custom_logo_tablet_max_width":0,"ocean_custom_logo_mobile_max_width":0,"ocean_custom_logo_max_height":0,"ocean_custom_logo_tablet_max_height":0,"ocean_custom_logo_mobile_max_height":0,"ocean_header_custom_menu":"4","ocean_menu_typo_font_family":"","ocean_menu_typo_font_subset":"","ocean_menu_typo_font_size":0,"ocean_menu_typo_font_size_tablet":0,"ocean_menu_typo_font_size_mobile":0,"ocean_menu_typo_font_size_unit":"px","ocean_menu_typo_font_weight":"","ocean_menu_typo_font_weight_tablet":"","ocean_menu_typo_font_weight_mobile":"","ocean_menu_typo_transform":"","ocean_menu_typo_transform_tablet":"","ocean_menu_typo_transform_mobile":"","ocean_menu_typo_line_height":0,"ocean_menu_typo_line_height_tablet":0,"ocean_menu_typo_line_height_mobile":0,"ocean_menu_typo_line_height_unit":"","ocean_menu_typo_spacing":0,"ocean_menu_typo_spacing_tablet":0,"ocean_menu_typo_spacing_mobile":0,"ocean_menu_typo_spacing_unit":"","ocean_menu_link_color":"","ocean_menu_link_color_hover":"","ocean_menu_link_color_active":"","ocean_menu_link_background":"","ocean_menu_link_hover_background":"","ocean_menu_link_active_background":"","ocean_menu_social_links_bg":"","ocean_menu_social_hover_links_bg":"","ocean_menu_social_links_color":"","ocean_menu_social_hover_links_color":"","ocean_disable_title":"on","ocean_disable_heading":"default","ocean_post_title":"","ocean_post_subheading":"","ocean_post_title_style":"","ocean_post_title_background_color":"","ocean_post_title_background":0,"ocean_post_title_bg_image_position":"","ocean_post_title_bg_image_attachment":"","ocean_post_title_bg_image_repeat":"","ocean_post_title_bg_image_size":"","ocean_post_title_height":0,"ocean_post_title_bg_overlay":0.5,"ocean_post_title_bg_overlay_color":"","ocean_disable_breadcrumbs":"off","ocean_breadcrumbs_color":"","ocean_breadcrumbs_separator_color":"","ocean_breadcrumbs_links_color":"","ocean_breadcrumbs_links_hover_color":"","ocean_display_footer_widgets":"off","ocean_display_footer_bottom":"off","ocean_custom_footer_template":"","footnotes":""},"class_list":["post-246","page","type-page","status-publish","hentry","entry"],"_links":{"self":[{"href":"https:\/\/clubeescolapb.com.br\/index.php\/wp-json\/wp\/v2\/pages\/246","targetHints":{"allow":["GET"]}}],"collection":[{"href":"https:\/\/clubeescolapb.com.br\/index.php\/wp-json\/wp\/v2\/pages"}],"about":[{"href":"https:\/\/clubeescolapb.com.br\/index.php\/wp-json\/wp\/v2\/types\/page"}],"author":[{"embeddable":true,"href":"https:\/\/clubeescolapb.com.br\/index.php\/wp-json\/wp\/v2\/users\/1"}],"replies":[{"embeddable":true,"href":"https:\/\/clubeescolapb.com.br\/index.php\/wp-json\/wp\/v2\/comments?post=246"}],"version-history":[{"count":9,"href":"https:\/\/clubeescolapb.com.br\/index.php\/wp-json\/wp\/v2\/pages\/246\/revisions"}],"predecessor-version":[{"id":263,"href":"https:\/\/clubeescolapb.com.br\/index.php\/wp-json\/wp\/v2\/pages\/246\/revisions\/263"}],"wp:attachment":[{"href":"https:\/\/clubeescolapb.com.br\/index.php\/wp-json\/wp\/v2\/media?parent=246"}],"curies":[{"name":"wp","href":"https:\/\/api.w.org\/{rel}","templated":true}]}}